{"id":6,"date":"2023-12-23T16:46:43","date_gmt":"2023-12-23T16:46:43","guid":{"rendered":"https:\/\/www.el-boo.pl\/?page_id=6"},"modified":"2025-03-31T15:39:33","modified_gmt":"2025-03-31T15:39:33","slug":"elboo-piotr-butkiewicz","status":"publish","type":"page","link":"https:\/\/www.el-boo.pl\/","title":{"rendered":"ELBOO sp. z o. o."},"content":{"rendered":"\n<div class=\"wp-block-cover alignfull is-light\" style=\"min-height:720px;aspect-ratio:unset;\"><span aria-hidden=\"true\" class=\"wp-block-cover__background has-background-dim wp-block-cover__gradient-background has-background-gradient\" style=\"background:linear-gradient(35deg,rgb(6,0,151) 0%,rgb(130,4,255) 73%,rgb(193,15,255) 100%)\"><\/span><img loading=\"lazy\" decoding=\"async\" width=\"1920\" height=\"1058\" class=\"wp-block-cover__image-background wp-image-29\" alt=\"\" src=\"https:\/\/www.el-boo.pl\/wp-content\/uploads\/2023\/12\/solar-energy-2157212_1920.jpeg\" data-object-fit=\"cover\" srcset=\"https:\/\/www.el-boo.pl\/wp-content\/uploads\/2023\/12\/solar-energy-2157212_1920.jpeg 1920w, https:\/\/www.el-boo.pl\/wp-content\/uploads\/2023\/12\/solar-energy-2157212_1920-300x165.jpeg 300w, https:\/\/www.el-boo.pl\/wp-content\/uploads\/2023\/12\/solar-energy-2157212_1920-1024x564.jpeg 1024w, https:\/\/www.el-boo.pl\/wp-content\/uploads\/2023\/12\/solar-energy-2157212_1920-768x423.jpeg 768w, https:\/\/www.el-boo.pl\/wp-content\/uploads\/2023\/12\/solar-energy-2157212_1920-1536x846.jpeg 1536w\" sizes=\"auto, (max-width: 1920px) 100vw, 1920px\" \/><div class=\"wp-block-cover__inner-container is-layout-flow wp-block-cover-is-layout-flow\">\n<div class=\"inherit-container-width wp-block-group alignwide is-layout-constrained wp-block-group-is-layout-constrained\">\n<h1 class=\"wp-block-heading has-text-align-left has-white-color has-text-color\">ELBOO sp. z o. o.<\/h1>\n\n\n\n<p><\/p>\n\n\n\n<div class=\"wp-block-buttons is-layout-flex wp-block-buttons-is-layout-flex\">\n<div class=\"wp-block-button\"><a class=\"wp-block-button__link has-text-align-center wp-element-button\" href=\"#kontakt\">Kontakt<\/a><\/div>\n<\/div>\n<\/div>\n<\/div><\/div>\n\n\n\n<div class=\"wp-block-group alignfull is-layout-constrained wp-container-core-group-is-layout-94d206d0 wp-block-group-is-layout-constrained\" id=\"o-nas\" style=\"padding-top:143px;padding-bottom:144px\">\n<div class=\"wp-block-media-text has-media-on-the-right is-stacked-on-mobile is-vertically-aligned-center\"><div class=\"wp-block-media-text__content\">\n<div class=\"inherit-container-width wp-block-group is-layout-constrained wp-container-core-group-is-layout-47ce07ec wp-block-group-is-layout-constrained\" style=\"padding-right:80px\">\n<h2 class=\"wp-block-heading\" style=\"padding-right:40px\">O nas<\/h2>\n\n\n\n<p>Firma ELBOO to zesp\u00f3\u0142 sk\u0142adaj\u0105cy si\u0119 ze specjalist\u00f3w zwi\u0105zanych z instalacjami elektrycznymi.<\/p>\n\n\n\n<p>W szczeg\u00f3lno\u015bci zajmujemy si\u0119 instalacjami fotowoltaicznymi, teletechnicznymi i ochron\u0105 przeciwpo\u017carow\u0105.<\/p>\n<\/div>\n<\/div><figure class=\"wp-block-media-text__media\"><img loading=\"lazy\" decoding=\"async\" width=\"1024\" height=\"682\" src=\"https:\/\/www.el-boo.pl\/wp-content\/uploads\/2023\/12\/electrician-1080586_1920-1024x682.jpeg\" alt=\"\" class=\"wp-image-31 size-full\" srcset=\"https:\/\/www.el-boo.pl\/wp-content\/uploads\/2023\/12\/electrician-1080586_1920-1024x682.jpeg 1024w, https:\/\/www.el-boo.pl\/wp-content\/uploads\/2023\/12\/electrician-1080586_1920-300x200.jpeg 300w, https:\/\/www.el-boo.pl\/wp-content\/uploads\/2023\/12\/electrician-1080586_1920-768x511.jpeg 768w, https:\/\/www.el-boo.pl\/wp-content\/uploads\/2023\/12\/electrician-1080586_1920-1536x1022.jpeg 1536w, https:\/\/www.el-boo.pl\/wp-content\/uploads\/2023\/12\/electrician-1080586_1920.jpeg 1920w\" sizes=\"auto, (max-width: 1024px) 100vw, 1024px\" \/><\/figure><\/div>\n<\/div>\n\n\n\n<div class=\"wp-block-group alignfull has-very-light-gray-to-cyan-bluish-gray-gradient-background has-background is-layout-constrained wp-block-group-is-layout-constrained\" id=\"realizacje\">\n<h2 class=\"wp-block-heading\">Realizacje<\/h2>\n\n\n\n<figure class=\"wp-block-gallery has-nested-images columns-default is-cropped wp-block-gallery-1 is-layout-flex wp-block-gallery-is-layout-flex\">\n<figure class=\"wp-block-image size-large\"><img loading=\"lazy\" decoding=\"async\" width=\"1024\" height=\"682\" data-id=\"31\" src=\"https:\/\/www.el-boo.pl\/wp-content\/uploads\/2023\/12\/electrician-1080586_1920-1024x682.jpeg\" alt=\"\" class=\"wp-image-31\" srcset=\"https:\/\/www.el-boo.pl\/wp-content\/uploads\/2023\/12\/electrician-1080586_1920-1024x682.jpeg 1024w, https:\/\/www.el-boo.pl\/wp-content\/uploads\/2023\/12\/electrician-1080586_1920-300x200.jpeg 300w, https:\/\/www.el-boo.pl\/wp-content\/uploads\/2023\/12\/electrician-1080586_1920-768x511.jpeg 768w, https:\/\/www.el-boo.pl\/wp-content\/uploads\/2023\/12\/electrician-1080586_1920-1536x1022.jpeg 1536w, https:\/\/www.el-boo.pl\/wp-content\/uploads\/2023\/12\/electrician-1080586_1920.jpeg 1920w\" sizes=\"auto, (max-width: 1024px) 100vw, 1024px\" \/><\/figure>\n\n\n\n<figure class=\"wp-block-image size-large\"><img loading=\"lazy\" decoding=\"async\" width=\"1024\" height=\"564\" data-id=\"29\" src=\"https:\/\/www.el-boo.pl\/wp-content\/uploads\/2023\/12\/solar-energy-2157212_1920-1024x564.jpeg\" alt=\"\" class=\"wp-image-29\" srcset=\"https:\/\/www.el-boo.pl\/wp-content\/uploads\/2023\/12\/solar-energy-2157212_1920-1024x564.jpeg 1024w, https:\/\/www.el-boo.pl\/wp-content\/uploads\/2023\/12\/solar-energy-2157212_1920-300x165.jpeg 300w, https:\/\/www.el-boo.pl\/wp-content\/uploads\/2023\/12\/solar-energy-2157212_1920-768x423.jpeg 768w, https:\/\/www.el-boo.pl\/wp-content\/uploads\/2023\/12\/solar-energy-2157212_1920-1536x846.jpeg 1536w, https:\/\/www.el-boo.pl\/wp-content\/uploads\/2023\/12\/solar-energy-2157212_1920.jpeg 1920w\" sizes=\"auto, (max-width: 1024px) 100vw, 1024px\" \/><\/figure>\n\n\n\n<figure class=\"wp-block-image size-full\"><img loading=\"lazy\" decoding=\"async\" width=\"408\" height=\"387\" data-id=\"24\" src=\"http:\/\/www.el-boo.pl\/wp-content\/uploads\/2023\/12\/cropped-ELBoo_PB_logotyp-1-1-e1743435488219.png\" alt=\"\" class=\"wp-image-24\" srcset=\"https:\/\/www.el-boo.pl\/wp-content\/uploads\/2023\/12\/cropped-ELBoo_PB_logotyp-1-1-e1743435488219.png 408w, https:\/\/www.el-boo.pl\/wp-content\/uploads\/2023\/12\/cropped-ELBoo_PB_logotyp-1-1-e1743435488219-300x285.png 300w\" sizes=\"auto, (max-width: 408px) 100vw, 408px\" \/><\/figure>\n<\/figure>\n<\/div>\n\n\n\n<p><\/p>\n\n\n\n<div id=\"kontakt\" class=\"wp-block-group is-layout-constrained wp-container-core-group-is-layout-4d0d0a75 wp-block-group-is-layout-constrained\">\n<h2 class=\"wp-block-heading has-text-align-center\">Kontakt<\/h2>\n\n\n\n<div class=\"wp-block-group alignwide is-layout-constrained wp-block-group-is-layout-constrained\">\n<div class=\"wp-block-columns is-layout-flex wp-container-core-columns-is-layout-28f84493 wp-block-columns-is-layout-flex\">\n<div class=\"wp-block-column is-layout-flow wp-block-column-is-layout-flow\" style=\"flex-basis:100%\">\n<p class=\"has-text-align-center\">ELBOO sp. z o. o. <\/p>\n\n\n\n<p class=\"has-text-align-center\">Ul. Kominek 7<\/p>\n\n\n\n<p class=\"has-text-align-center\">15-342 Bia\u0142ystok<\/p>\n\n\n\n<p class=\"has-text-align-center\">NIP: 542349456<\/p>\n\n\n\n<p class=\"has-text-align-center\">www.el-boo.pl<\/p>\n<\/div>\n<\/div>\n<\/div>\n\n\n<div class=\"wpforms-container wpforms-container-full wpforms-block wpforms-block-fc4d227e-c9ed-4e53-bfdb-c537dc9dc8a2 wpforms-render-modern\" id=\"wpforms-71\"><form id=\"wpforms-form-71\" class=\"wpforms-validate wpforms-form wpforms-ajax-form\" data-formid=\"71\" method=\"post\" enctype=\"multipart\/form-data\" action=\"\/index.php\/wp-json\/wp\/v2\/pages\/6\" data-token=\"b2a7370001f7a1b9e30376e42350a686\" data-token-time=\"1776604026\"><noscript class=\"wpforms-error-noscript\">Please enable JavaScript in your browser to complete this form.<\/noscript><div class=\"wpforms-hidden\" id=\"wpforms-error-noscript\">Please enable JavaScript in your browser to complete this form.<\/div><div class=\"wpforms-field-container\"><div id=\"wpforms-71-field_0-container\" class=\"wpforms-field wpforms-field-name\" data-field-id=\"0\"><label class=\"wpforms-field-label\" for=\"wpforms-71-field_0\">Imi\u0119 <span class=\"wpforms-required-label\" aria-hidden=\"true\">*<\/span><\/label><input type=\"text\" id=\"wpforms-71-field_0\" class=\"wpforms-field-large wpforms-field-required\" name=\"wpforms[fields][0]\" aria-errormessage=\"wpforms-71-field_0-error\" required><\/div><div id=\"wpforms-71-field_1-container\" class=\"wpforms-field wpforms-field-email\" data-field-id=\"1\"><label class=\"wpforms-field-label\" for=\"wpforms-71-field_1\">Email <span class=\"wpforms-required-label\" aria-hidden=\"true\">*<\/span><\/label><input type=\"email\" id=\"wpforms-71-field_1\" class=\"wpforms-field-large wpforms-field-required\" name=\"wpforms[fields][1]\" spellcheck=\"false\" aria-errormessage=\"wpforms-71-field_1-error\" required><\/div><div id=\"wpforms-71-field_2-container\" class=\"wpforms-field wpforms-field-textarea\" data-field-id=\"2\"><label class=\"wpforms-field-label\" for=\"wpforms-71-field_2\">Wiadomo\u015b\u0107<\/label><textarea id=\"wpforms-71-field_2\" class=\"wpforms-field-medium\" name=\"wpforms[fields][2]\" aria-errormessage=\"wpforms-71-field_2-error\" ><\/textarea><\/div><\/div><!-- .wpforms-field-container --><div class=\"wpforms-recaptcha-container wpforms-is-recaptcha wpforms-is-recaptcha-type-v2\" ><div class=\"g-recaptcha\" data-sitekey=\"6LdHMxoqAAAAAL7WgG6txlaYA9xl-oM1W3aFRHH6\"><\/div><input type=\"text\" name=\"g-recaptcha-hidden\" class=\"wpforms-recaptcha-hidden\" style=\"position:absolute!important;clip:rect(0,0,0,0)!important;height:1px!important;width:1px!important;border:0!important;overflow:hidden!important;padding:0!important;margin:0!important;\" data-rule-recaptcha=\"1\"><\/div><div class=\"wpforms-submit-container\" ><input type=\"hidden\" name=\"wpforms[id]\" value=\"71\"><input type=\"hidden\" name=\"page_title\" value=\"\"><input type=\"hidden\" name=\"page_url\" value=\"https:\/\/www.el-boo.pl\/index.php\/wp-json\/wp\/v2\/pages\/6\"><input type=\"hidden\" name=\"url_referer\" value=\"\"><button type=\"submit\" name=\"wpforms[submit]\" id=\"wpforms-submit-71\" class=\"wpforms-submit\" data-alt-text=\"Wysy\u0142anie\" data-submit-text=\"Wy\u015blij\" aria-live=\"assertive\" value=\"wpforms-submit\">Wy\u015blij<\/button><img loading=\"lazy\" decoding=\"async\" src=\"https:\/\/www.el-boo.pl\/wp-content\/plugins\/wpforms-lite\/assets\/images\/submit-spin.svg\" class=\"wpforms-submit-spinner\" style=\"display: none;\" width=\"26\" height=\"26\" alt=\"Loading\"><\/div><\/form><\/div>  <!-- .wpforms-container --><\/div>\n\n\n\n<p><\/p>\n","protected":false},"excerpt":{"rendered":"<p>O nas Firma ELBOO to zesp\u00f3\u0142 sk\u0142adaj\u0105cy si\u0119 ze specjalist\u00f3w zwi\u0105zanych z instalacjami elektrycznymi. W szczeg\u00f3lno\u015bci zajmujemy si\u0119 instalacjami fotowoltaicznymi, teletechnicznymi i ochron\u0105 przeciwpo\u017carow\u0105. Realizacje Kontakt ELBOO sp. z o. o. Ul. Kominek 7 15-342 Bia\u0142ystok NIP: 542349456 www.el-boo.pl<\/p>\n","protected":false},"author":1,"featured_media":0,"parent":0,"menu_order":0,"comment_status":"closed","ping_status":"closed","template":"","meta":{"site-sidebar-layout":"no-sidebar","site-content-layout":"plain-container","ast-site-content-layout":"","site-content-style":"default","site-sidebar-style":"default","ast-global-header-display":"","ast-banner-title-visibility":"","ast-main-header-display":"","ast-hfb-above-header-display":"","ast-hfb-below-header-display":"","ast-hfb-mobile-header-display":"","site-post-title":"disabled","ast-breadcrumbs-content":"","ast-featured-img":"","footer-sml-layout":"","theme-transparent-header-meta":"enabled","adv-header-id-meta":"","stick-header-meta":"","header-above-stick-meta":"","header-main-stick-meta":"","header-below-stick-meta":"","astra-migrate-meta-layouts":"default","ast-page-background-enabled":"default","ast-page-background-meta":{"desktop":{"background-color":"var(--ast-global-color-4)","background-image":"","background-repeat":"repeat","background-position":"center center","background-size":"auto","background-attachment":"scroll","background-type":"","background-media":"","overlay-type":"","overlay-color":"","overlay-gradient":""},"tablet":{"background-color":"","background-image":"","background-repeat":"repeat","background-position":"center center","background-size":"auto","background-attachment":"scroll","background-type":"","background-media":"","overlay-type":"","overlay-color":"","overlay-gradient":""},"mobile":{"background-color":"","background-image":"","background-repeat":"repeat","background-position":"center center","background-size":"auto","background-attachment":"scroll","background-type":"","background-media":"","overlay-type":"","overlay-color":"","overlay-gradient":""}},"ast-content-background-meta":{"desktop":{"background-color":"var(--ast-global-color-5)","background-image":"","background-repeat":"repeat","background-position":"center center","background-size":"auto","background-attachment":"scroll","background-type":"","background-media":"","overlay-type":"","overlay-color":"","overlay-gradient":""},"tablet":{"background-color":"var(--ast-global-color-5)","background-image":"","background-repeat":"repeat","background-position":"center center","background-size":"auto","background-attachment":"scroll","background-type":"","background-media":"","overlay-type":"","overlay-color":"","overlay-gradient":""},"mobile":{"background-color":"var(--ast-global-color-5)","background-image":"","background-repeat":"repeat","background-position":"center center","background-size":"auto","background-attachment":"scroll","background-type":"","background-media":"","overlay-type":"","overlay-color":"","overlay-gradient":""}},"footnotes":""},"class_list":["post-6","page","type-page","status-publish","hentry"],"yoast_head":"<!-- This site is optimized with the Yoast SEO plugin v24.7 - https:\/\/yoast.com\/wordpress\/plugins\/seo\/ -->\n<title>ELBOO sp. z o. o. - ELBoo<\/title>\n<meta name=\"description\" content=\"Z wykszta\u0142cenia jestem energetykiem. Na co dzie\u0144 zajmuje si\u0119 instalacjami fotowoltaicznymi i teletechnicznymi.\" \/>\n<meta name=\"robots\" content=\"index, follow, max-snippet:-1, max-image-preview:large, max-video-preview:-1, noarchive\" \/>\n<link rel=\"canonical\" href=\"http:\/\/www.el-boo.pl\/\" \/>\n<meta property=\"og:locale\" content=\"en_US\" \/>\n<meta property=\"og:type\" content=\"article\" \/>\n<meta property=\"og:title\" content=\"ELBOO sp. z o. o. - ELBoo\" \/>\n<meta property=\"og:description\" content=\"Z wykszta\u0142cenia jestem energetykiem. Na co dzie\u0144 zajmuje si\u0119 instalacjami fotowoltaicznymi i teletechnicznymi.\" \/>\n<meta property=\"og:url\" content=\"http:\/\/www.el-boo.pl\/\" \/>\n<meta property=\"og:site_name\" content=\"ELBoo\" \/>\n<meta property=\"article:modified_time\" content=\"2025-03-31T15:39:33+00:00\" \/>\n<meta property=\"og:image\" content=\"https:\/\/www.el-boo.pl\/wp-content\/uploads\/2023\/12\/solar-energy-2157212_1920.jpeg\" \/>\n<meta name=\"twitter:card\" content=\"summary_large_image\" \/>\n<meta name=\"twitter:label1\" content=\"Est. reading time\" \/>\n\t<meta name=\"twitter:data1\" content=\"2 minutes\" \/>\n<script type=\"application\/ld+json\" class=\"yoast-schema-graph\">{\"@context\":\"https:\/\/schema.org\",\"@graph\":[{\"@type\":\"WebPage\",\"@id\":\"http:\/\/www.el-boo.pl\/\",\"url\":\"http:\/\/www.el-boo.pl\/\",\"name\":\"ELBOO sp. z o. o. - ELBoo\",\"isPartOf\":{\"@id\":\"http:\/\/www.el-boo.pl\/#website\"},\"primaryImageOfPage\":{\"@id\":\"http:\/\/www.el-boo.pl\/#primaryimage\"},\"image\":{\"@id\":\"http:\/\/www.el-boo.pl\/#primaryimage\"},\"thumbnailUrl\":\"https:\/\/www.el-boo.pl\/wp-content\/uploads\/2023\/12\/solar-energy-2157212_1920.jpeg\",\"datePublished\":\"2023-12-23T16:46:43+00:00\",\"dateModified\":\"2025-03-31T15:39:33+00:00\",\"description\":\"Z wykszta\u0142cenia jestem energetykiem. Na co dzie\u0144 zajmuje si\u0119 instalacjami fotowoltaicznymi i teletechnicznymi.\",\"breadcrumb\":{\"@id\":\"http:\/\/www.el-boo.pl\/#breadcrumb\"},\"inLanguage\":\"en-US\",\"potentialAction\":[{\"@type\":\"ReadAction\",\"target\":[\"http:\/\/www.el-boo.pl\/\"]}]},{\"@type\":\"ImageObject\",\"inLanguage\":\"en-US\",\"@id\":\"http:\/\/www.el-boo.pl\/#primaryimage\",\"url\":\"https:\/\/www.el-boo.pl\/wp-content\/uploads\/2023\/12\/solar-energy-2157212_1920.jpeg\",\"contentUrl\":\"https:\/\/www.el-boo.pl\/wp-content\/uploads\/2023\/12\/solar-energy-2157212_1920.jpeg\",\"width\":1920,\"height\":1058},{\"@type\":\"BreadcrumbList\",\"@id\":\"http:\/\/www.el-boo.pl\/#breadcrumb\",\"itemListElement\":[{\"@type\":\"ListItem\",\"position\":1,\"name\":\"Strona g\u0142\u00f3wna\",\"item\":\"http:\/\/www.el-boo.pl\/\"},{\"@type\":\"ListItem\",\"position\":2,\"name\":\"el-boo\"}]},{\"@type\":\"WebSite\",\"@id\":\"http:\/\/www.el-boo.pl\/#website\",\"url\":\"http:\/\/www.el-boo.pl\/\",\"name\":\"ELBoo\",\"description\":\"ELBOO sp. z o. o.\",\"publisher\":{\"@id\":\"http:\/\/www.el-boo.pl\/#\/schema\/person\/074fbdfdb84265f9c8a27da45436bca3\"},\"potentialAction\":[{\"@type\":\"SearchAction\",\"target\":{\"@type\":\"EntryPoint\",\"urlTemplate\":\"http:\/\/www.el-boo.pl\/?s={search_term_string}\"},\"query-input\":{\"@type\":\"PropertyValueSpecification\",\"valueRequired\":true,\"valueName\":\"search_term_string\"}}],\"inLanguage\":\"en-US\"},{\"@type\":[\"Person\",\"Organization\"],\"@id\":\"http:\/\/www.el-boo.pl\/#\/schema\/person\/074fbdfdb84265f9c8a27da45436bca3\",\"name\":\"piotr.butkiewicz\",\"image\":{\"@type\":\"ImageObject\",\"inLanguage\":\"en-US\",\"@id\":\"http:\/\/www.el-boo.pl\/#\/schema\/person\/image\/\",\"url\":\"https:\/\/www.el-boo.pl\/wp-content\/uploads\/2024\/01\/ELBoo_logs_png-e1743435352707.png\",\"contentUrl\":\"https:\/\/www.el-boo.pl\/wp-content\/uploads\/2024\/01\/ELBoo_logs_png-e1743435352707.png\",\"width\":269,\"height\":374,\"caption\":\"piotr.butkiewicz\"},\"logo\":{\"@id\":\"http:\/\/www.el-boo.pl\/#\/schema\/person\/image\/\"},\"sameAs\":[\"https:\/\/www.el-boo.pl\"]}]}<\/script>\n<!-- \/ Yoast SEO plugin. -->","yoast_head_json":{"title":"ELBOO sp. z o. o. - ELBoo","description":"Z wykszta\u0142cenia jestem energetykiem. Na co dzie\u0144 zajmuje si\u0119 instalacjami fotowoltaicznymi i teletechnicznymi.","robots":{"index":"index","follow":"follow","max-snippet":"max-snippet:-1","max-image-preview":"max-image-preview:large","max-video-preview":"max-video-preview:-1","archive":"noarchive"},"canonical":"http:\/\/www.el-boo.pl\/","og_locale":"en_US","og_type":"article","og_title":"ELBOO sp. z o. o. - ELBoo","og_description":"Z wykszta\u0142cenia jestem energetykiem. Na co dzie\u0144 zajmuje si\u0119 instalacjami fotowoltaicznymi i teletechnicznymi.","og_url":"http:\/\/www.el-boo.pl\/","og_site_name":"ELBoo","article_modified_time":"2025-03-31T15:39:33+00:00","og_image":[{"url":"https:\/\/www.el-boo.pl\/wp-content\/uploads\/2023\/12\/solar-energy-2157212_1920.jpeg","type":"","width":"","height":""}],"twitter_card":"summary_large_image","twitter_misc":{"Est. reading time":"2 minutes"},"schema":{"@context":"https:\/\/schema.org","@graph":[{"@type":"WebPage","@id":"http:\/\/www.el-boo.pl\/","url":"http:\/\/www.el-boo.pl\/","name":"ELBOO sp. z o. o. - ELBoo","isPartOf":{"@id":"http:\/\/www.el-boo.pl\/#website"},"primaryImageOfPage":{"@id":"http:\/\/www.el-boo.pl\/#primaryimage"},"image":{"@id":"http:\/\/www.el-boo.pl\/#primaryimage"},"thumbnailUrl":"https:\/\/www.el-boo.pl\/wp-content\/uploads\/2023\/12\/solar-energy-2157212_1920.jpeg","datePublished":"2023-12-23T16:46:43+00:00","dateModified":"2025-03-31T15:39:33+00:00","description":"Z wykszta\u0142cenia jestem energetykiem. Na co dzie\u0144 zajmuje si\u0119 instalacjami fotowoltaicznymi i teletechnicznymi.","breadcrumb":{"@id":"http:\/\/www.el-boo.pl\/#breadcrumb"},"inLanguage":"en-US","potentialAction":[{"@type":"ReadAction","target":["http:\/\/www.el-boo.pl\/"]}]},{"@type":"ImageObject","inLanguage":"en-US","@id":"http:\/\/www.el-boo.pl\/#primaryimage","url":"https:\/\/www.el-boo.pl\/wp-content\/uploads\/2023\/12\/solar-energy-2157212_1920.jpeg","contentUrl":"https:\/\/www.el-boo.pl\/wp-content\/uploads\/2023\/12\/solar-energy-2157212_1920.jpeg","width":1920,"height":1058},{"@type":"BreadcrumbList","@id":"http:\/\/www.el-boo.pl\/#breadcrumb","itemListElement":[{"@type":"ListItem","position":1,"name":"Strona g\u0142\u00f3wna","item":"http:\/\/www.el-boo.pl\/"},{"@type":"ListItem","position":2,"name":"el-boo"}]},{"@type":"WebSite","@id":"http:\/\/www.el-boo.pl\/#website","url":"http:\/\/www.el-boo.pl\/","name":"ELBoo","description":"ELBOO sp. z o. o.","publisher":{"@id":"http:\/\/www.el-boo.pl\/#\/schema\/person\/074fbdfdb84265f9c8a27da45436bca3"},"potentialAction":[{"@type":"SearchAction","target":{"@type":"EntryPoint","urlTemplate":"http:\/\/www.el-boo.pl\/?s={search_term_string}"},"query-input":{"@type":"PropertyValueSpecification","valueRequired":true,"valueName":"search_term_string"}}],"inLanguage":"en-US"},{"@type":["Person","Organization"],"@id":"http:\/\/www.el-boo.pl\/#\/schema\/person\/074fbdfdb84265f9c8a27da45436bca3","name":"piotr.butkiewicz","image":{"@type":"ImageObject","inLanguage":"en-US","@id":"http:\/\/www.el-boo.pl\/#\/schema\/person\/image\/","url":"https:\/\/www.el-boo.pl\/wp-content\/uploads\/2024\/01\/ELBoo_logs_png-e1743435352707.png","contentUrl":"https:\/\/www.el-boo.pl\/wp-content\/uploads\/2024\/01\/ELBoo_logs_png-e1743435352707.png","width":269,"height":374,"caption":"piotr.butkiewicz"},"logo":{"@id":"http:\/\/www.el-boo.pl\/#\/schema\/person\/image\/"},"sameAs":["https:\/\/www.el-boo.pl"]}]}},"_links":{"self":[{"href":"https:\/\/www.el-boo.pl\/index.php\/wp-json\/wp\/v2\/pages\/6","targetHints":{"allow":["GET"]}}],"collection":[{"href":"https:\/\/www.el-boo.pl\/index.php\/wp-json\/wp\/v2\/pages"}],"about":[{"href":"https:\/\/www.el-boo.pl\/index.php\/wp-json\/wp\/v2\/types\/page"}],"author":[{"embeddable":true,"href":"https:\/\/www.el-boo.pl\/index.php\/wp-json\/wp\/v2\/users\/1"}],"replies":[{"embeddable":true,"href":"https:\/\/www.el-boo.pl\/index.php\/wp-json\/wp\/v2\/comments?post=6"}],"version-history":[{"count":29,"href":"https:\/\/www.el-boo.pl\/index.php\/wp-json\/wp\/v2\/pages\/6\/revisions"}],"predecessor-version":[{"id":92,"href":"https:\/\/www.el-boo.pl\/index.php\/wp-json\/wp\/v2\/pages\/6\/revisions\/92"}],"wp:attachment":[{"href":"https:\/\/www.el-boo.pl\/index.php\/wp-json\/wp\/v2\/media?parent=6"}],"curies":[{"name":"wp","href":"https:\/\/api.w.org\/{rel}","templated":true}]}}